{"id":266406,"date":"2021-11-07T11:36:11","date_gmt":"2021-11-07T10:36:11","guid":{"rendered":"https:\/\/www.frunk.at\/produkt\/electric-ways-support-de-prise-support-mural-type2\/"},"modified":"2026-02-11T11:28:43","modified_gmt":"2026-02-11T10:28:43","slug":"electric-ways-support-de-prise-support-mural-type2","status":"publish","type":"product","link":"https:\/\/www.frunk.at\/fr\/produkt\/electric-ways-support-de-prise-support-mural-type2\/","title":{"rendered":"ELECTRIC-WAYS Support de prise, support mural type2"},"content":{"rendered":"<p>[et_pb_section fb_built=\u00a0\u00bb1&Prime; _builder_version=\u00a0\u00bb4.16&Prime; custom_padding=\u00a0\u00bb0px||||false|false\u00a0\u00bb da_disable_devices=\u00a0\u00bboff|off|off\u00a0\u00bb global_colors_info=\u00a0\u00bb{}\u00a0\u00bb da_is_popup=\u00a0\u00bboff\u00a0\u00bb da_exit_intent=\u00a0\u00bboff\u00a0\u00bb da_has_close=\u00a0\u00bbon\u00a0\u00bb da_alt_close=\u00a0\u00bboff\u00a0\u00bb da_dark_close=\u00a0\u00bboff\u00a0\u00bb da_not_modal=\u00a0\u00bbon\u00a0\u00bb da_is_singular=\u00a0\u00bboff\u00a0\u00bb da_with_loader=\u00a0\u00bboff\u00a0\u00bb da_has_shadow=\u00a0\u00bbon\u00a0\u00bb][et_pb_row _builder_version=\u00a0\u00bb4.16&Prime; background_size=\u00a0\u00bbinitial\u00a0\u00bb background_position=\u00a0\u00bbtop_left\u00a0\u00bb background_repeat=\u00a0\u00bbrepeat\u00a0\u00bb width=\u00a0\u00bb100%\u00a0\u00bb custom_padding=\u00a0\u00bb0px||0px||false|false\u00a0\u00bb global_colors_info=\u00a0\u00bb{}\u00a0\u00bb][et_pb_column type=\u00a0\u00bb4_4&Prime; _builder_version=\u00a0\u00bb4.16&Prime; custom_padding=\u00a0\u00bb|||\u00a0\u00bb global_colors_info=\u00a0\u00bb{}\u00a0\u00bb custom_padding__hover=\u00a0\u00bb|||\u00a0\u00bb][et_pb_wc_cart_notice _builder_version=\u00a0\u00bb4.16&Prime; title_font=\u00a0\u00bb||||||||\u00a0\u00bb transform_translate_linked=\u00a0\u00bboff\u00a0\u00bb custom_padding=\u00a0\u00bb13px|15px|13px|15px|false|false\u00a0\u00bb body_font=\u00a0\u00bb||||||||\u00a0\u00bb global_colors_info=\u00a0\u00bb{}\u00a0\u00bb][\/et_pb_wc_cart_notice][\/et_pb_column][\/et_pb_row][et_pb_row column_structure=\u00a0\u00bb1_2,1_2&Prime; _builder_version=\u00a0\u00bb4.16&Prime; background_size=\u00a0\u00bbinitial\u00a0\u00bb background_position=\u00a0\u00bbtop_left\u00a0\u00bb background_repeat=\u00a0\u00bbrepeat\u00a0\u00bb width=\u00a0\u00bb90%\u00a0\u00bb custom_padding=\u00a0\u00bb0px||||false|false\u00a0\u00bb global_colors_info=\u00a0\u00bb{}\u00a0\u00bb][et_pb_column type=\u00a0\u00bb1_2&Prime; _builder_version=\u00a0\u00bb4.16&Prime; custom_padding=\u00a0\u00bb|||\u00a0\u00bb global_colors_info=\u00a0\u00bb{}\u00a0\u00bb custom_padding__hover=\u00a0\u00bb|||\u00a0\u00bb][et_pb_wc_images _builder_version=\u00a0\u00bb4.16&Prime; global_colors_info=\u00a0\u00bb{}\u00a0\u00bb][\/et_pb_wc_images][\/et_pb_column][et_pb_column type=\u00a0\u00bb1_2&Prime; _builder_version=\u00a0\u00bb4.16&Prime; custom_padding=\u00a0\u00bb|||\u00a0\u00bb global_colors_info=\u00a0\u00bb{}\u00a0\u00bb custom_padding__hover=\u00a0\u00bb|||\u00a0\u00bb][et_pb_wc_title _builder_version=\u00a0\u00bb4.16&Prime; global_colors_info=\u00a0\u00bb{}\u00a0\u00bb][\/et_pb_wc_title][et_pb_wc_rating _builder_version=\u00a0\u00bb4.16&Prime; global_colors_info=\u00a0\u00bb{}\u00a0\u00bb][\/et_pb_wc_rating][et_pb_wc_price _builder_version=\u00a0\u00bb4.16&Prime; global_colors_info=\u00a0\u00bb{}\u00a0\u00bb][\/et_pb_wc_price][et_pb_text _builder_version=\u00a0\u00bb4.16&Prime; _module_preset=\u00a0\u00bbdefault\u00a0\u00bb text_font=\u00a0\u00bbMontserrat|300|||||||\u00a0\u00bb text_line_height=\u00a0\u00bb1.2em\u00a0\u00bb width=\u00a0\u00bb79%\u00a0\u00bb global_colors_info=\u00a0\u00bb{}\u00a0\u00bb]<\/p>\n<p>Des droits de douane, des taxes et des frais suppl\u00e9mentaires peuvent s&rsquo;appliquer aux livraisons vers des pays non membres de l&rsquo;UE.<\/p>\n<p>[\/et_pb_text][et_pb_wc_description _builder_version=\u00a0\u00bb4.16&Prime; body_text_color=\u00a0\u00bb#70716b\u00a0\u00bb width=\u00a0\u00bb90%\u00a0\u00bb width_tablet=\u00a0\u00bb90%\u00a0\u00bb width_phone=\u00a0\u00bb100%\u00a0\u00bb width_last_edited=\u00a0\u00bbon|phone\u00a0\u00bb global_colors_info=\u00a0\u00bb{}\u00a0\u00bb][\/et_pb_wc_description][et_pb_wc_add_to_cart _builder_version=\u00a0\u00bb4.16&Prime; custom_button=\u00a0\u00bbon\u00a0\u00bb button_text_color=\u00a0\u00bb#ffffff\u00a0\u00bb button_bg_color=\u00a0\u00bb#fc6803&Prime; global_colors_info=\u00a0\u00bb{}\u00a0\u00bb][\/et_pb_wc_add_to_cart][et_pb_wc_meta _builder_version=\u00a0\u00bb4.16&Prime; global_colors_info=\u00a0\u00bb{}\u00a0\u00bb][\/et_pb_wc_meta][\/et_pb_column][\/et_pb_row][et_pb_row _builder_version=\u00a0\u00bb4.16&Prime; background_size=\u00a0\u00bbinitial\u00a0\u00bb background_position=\u00a0\u00bbtop_left\u00a0\u00bb background_repeat=\u00a0\u00bbrepeat\u00a0\u00bb width=\u00a0\u00bb90%\u00a0\u00bb width_tablet=\u00a0\u00bb90%\u00a0\u00bb width_phone=\u00a0\u00bb\u00a0\u00bb width_last_edited=\u00a0\u00bbon|tablet\u00a0\u00bb global_colors_info=\u00a0\u00bb{}\u00a0\u00bb][et_pb_column type=\u00a0\u00bb4_4&Prime; _builder_version=\u00a0\u00bb4.16&Prime; custom_padding=\u00a0\u00bb|||\u00a0\u00bb global_colors_info=\u00a0\u00bb{}\u00a0\u00bb custom_padding__hover=\u00a0\u00bb|||\u00a0\u00bb][et_pb_wc_tabs _builder_version=\u00a0\u00bb4.16&Prime; global_colors_info=\u00a0\u00bb{}\u00a0\u00bb] [\/et_pb_wc_tabs][et_pb_wc_upsells posts_number=\u00a0\u00bb5&Prime; columns_number=\u00a0\u00bb5&Prime; _builder_version=\u00a0\u00bb4.17.3&Prime; price_text_color=\u00a0\u00bb#3E3E3E\u00a0\u00bb sale_price_text_color=\u00a0\u00bbRGBA(255,255,255,0)\u00a0\u00bb border_color_all_sale_badge=\u00a0\u00bbRGBA(255,255,255,0)\u00a0\u00bb global_colors_info=\u00a0\u00bb{}\u00a0\u00bb][\/et_pb_wc_upsells][et_pb_wc_related_products posts_number=\u00a0\u00bb5&Prime; columns_number=\u00a0\u00bb5&Prime; _builder_version=\u00a0\u00bb4.17.3&Prime; product_title_font_size=\u00a0\u00bb14px\u00a0\u00bb price_text_color=\u00a0\u00bb#3E3E3E\u00a0\u00bb sale_price_text_color=\u00a0\u00bbRGBA(255,255,255,0)\u00a0\u00bb global_colors_info=\u00a0\u00bb{}\u00a0\u00bb][\/et_pb_wc_related_products][\/et_pb_column][\/et_pb_row][\/et_pb_section]<\/p>\n","protected":false},"excerpt":{"rendered":"<p>Support mural pour prise de charge de type 2 \u00e0 monter \u00e0 c\u00f4t\u00e9 de la Wallbox sur le mur du carport ou du garage !<\/p>\n<ul>\n<li>Fixation rapide et facile \u00e0 l&rsquo;aide de quatre vis<\/li>\n<li>Convient aux c\u00e2bles\/fiches de charge de type 2 en version 16 ou 32A, monophas\u00e9e ou triphas\u00e9e.<\/li>\n<\/ul>\n","protected":false},"featured_media":266407,"comment_status":"open","ping_status":"closed","template":"","meta":{"_et_pb_use_builder":"on","_et_pb_old_content":"<ul>\n \t<li>Mat\u00e9riau : plastique r\u00e9sistant aux chocsDimensions et poids :\n<ul>\n \t<li>Diam\u00e8tre de la plaque de base 98 mm<\/li>\n \t<li>Profondeur 40 mm<\/li>\n \t<li>Dimensions des trous de forage 60 x 60 mm<\/li>\n \t<li>Diam\u00e8tre des trous de per\u00e7age 4 mm pour les vis \u00e0 t\u00eate frais\u00e9e<\/li>\n \t<li>Poids environ 90 g<\/li>\n<\/ul>\n<\/li>\n<\/ul>","_et_gb_content_width":""},"product_brand":[],"product_cat":[243,278,274,273,271,280,272],"product_tag":[283,281,241,242,282],"class_list":{"0":"post-266406","1":"product","2":"type-product","3":"status-publish","4":"has-post-thumbnail","6":"product_cat-accessoires","7":"product_cat-accessoires-tesla","8":"product_cat-bmw-ix3-fr","9":"product_cat-fiat-500e-fr","10":"product_cat-hyundai-kona-electrique","11":"product_cat-kia-fr","12":"product_cat-kia-e-niro-fr","13":"product_tag-11kw-fr","14":"product_tag-cable-de-recharge","15":"product_tag-extension-de-coffre","16":"product_tag-possibilite-de-chargement","17":"product_tag-type2","19":"first","20":"outofstock","21":"taxable","22":"shipping-taxable","23":"purchasable","24":"product-type-simple"},"yoast_head":"<!-- This site is optimized with the Yoast SEO plugin v26.6 - https:\/\/yoast.com\/wordpress\/plugins\/seo\/ -->\n<title>ELECTRIC-WAYS Support de prise, support mural type2 - frunk.at<\/title>\n<meta name=\"robots\" content=\"index, follow, max-snippet:-1, max-image-preview:large, max-video-preview:-1\" \/>\n<link rel=\"canonical\" href=\"https:\/\/www.frunk.at\/fr\/produkt\/electric-ways-support-de-prise-support-mural-type2\/\" \/>\n<meta property=\"og:locale\" content=\"fr_FR\" \/>\n<meta property=\"og:type\" content=\"article\" \/>\n<meta property=\"og:title\" content=\"ELECTRIC-WAYS Support de prise, support mural type2 - frunk.at\" \/>\n<meta property=\"og:description\" content=\"Support mural pour prise de charge de type 2 \u00e0 monter \u00e0 c\u00f4t\u00e9 de la Wallbox sur le mur du carport ou du garage !  Fixation rapide et facile \u00e0 l&#039;aide de quatre vis  Convient aux c\u00e2bles\/fiches de charge de type 2 en version 16 ou 32A, monophas\u00e9e ou triphas\u00e9e.\" \/>\n<meta property=\"og:url\" content=\"https:\/\/www.frunk.at\/fr\/produkt\/electric-ways-support-de-prise-support-mural-type2\/\" \/>\n<meta property=\"og:site_name\" content=\"frunk.at\" \/>\n<meta property=\"article:publisher\" content=\"https:\/\/www.facebook.com\/frunk.at\/\" \/>\n<meta property=\"article:modified_time\" content=\"2026-02-11T10:28:43+00:00\" \/>\n<meta property=\"og:image\" content=\"https:\/\/www.frunk.at\/wp-content\/uploads\/2021\/11\/ELECTRIC-WAYS_Typ2-Wandhalterung_socket_kompr.jpg\" \/>\n\t<meta property=\"og:image:width\" content=\"700\" \/>\n\t<meta property=\"og:image:height\" content=\"466\" \/>\n\t<meta property=\"og:image:type\" content=\"image\/jpeg\" \/>\n<meta name=\"twitter:card\" content=\"summary_large_image\" \/>\n<meta name=\"twitter:label1\" content=\"Dur\u00e9e de lecture estim\u00e9e\" \/>\n\t<meta name=\"twitter:data1\" content=\"2 minutes\" \/>\n<script type=\"application\/ld+json\" class=\"yoast-schema-graph\">{\"@context\":\"https:\/\/schema.org\",\"@graph\":[{\"@type\":\"WebPage\",\"@id\":\"https:\/\/www.frunk.at\/fr\/produkt\/electric-ways-support-de-prise-support-mural-type2\/\",\"url\":\"https:\/\/www.frunk.at\/fr\/produkt\/electric-ways-support-de-prise-support-mural-type2\/\",\"name\":\"ELECTRIC-WAYS Support de prise, support mural type2 - frunk.at\",\"isPartOf\":{\"@id\":\"https:\/\/www.frunk.at\/fr\/#website\"},\"primaryImageOfPage\":{\"@id\":\"https:\/\/www.frunk.at\/fr\/produkt\/electric-ways-support-de-prise-support-mural-type2\/#primaryimage\"},\"image\":{\"@id\":\"https:\/\/www.frunk.at\/fr\/produkt\/electric-ways-support-de-prise-support-mural-type2\/#primaryimage\"},\"thumbnailUrl\":\"https:\/\/www.frunk.at\/wp-content\/uploads\/2021\/11\/ELECTRIC-WAYS_Typ2-Wandhalterung_socket_kompr.jpg\",\"datePublished\":\"2021-11-07T10:36:11+00:00\",\"dateModified\":\"2026-02-11T10:28:43+00:00\",\"breadcrumb\":{\"@id\":\"https:\/\/www.frunk.at\/fr\/produkt\/electric-ways-support-de-prise-support-mural-type2\/#breadcrumb\"},\"inLanguage\":\"fr-FR\",\"potentialAction\":[{\"@type\":\"ReadAction\",\"target\":[\"https:\/\/www.frunk.at\/fr\/produkt\/electric-ways-support-de-prise-support-mural-type2\/\"]}]},{\"@type\":\"ImageObject\",\"inLanguage\":\"fr-FR\",\"@id\":\"https:\/\/www.frunk.at\/fr\/produkt\/electric-ways-support-de-prise-support-mural-type2\/#primaryimage\",\"url\":\"https:\/\/www.frunk.at\/wp-content\/uploads\/2021\/11\/ELECTRIC-WAYS_Typ2-Wandhalterung_socket_kompr.jpg\",\"contentUrl\":\"https:\/\/www.frunk.at\/wp-content\/uploads\/2021\/11\/ELECTRIC-WAYS_Typ2-Wandhalterung_socket_kompr.jpg\",\"width\":700,\"height\":466},{\"@type\":\"BreadcrumbList\",\"@id\":\"https:\/\/www.frunk.at\/fr\/produkt\/electric-ways-support-de-prise-support-mural-type2\/#breadcrumb\",\"itemListElement\":[{\"@type\":\"ListItem\",\"position\":1,\"name\":\"Startseite\",\"item\":\"https:\/\/www.frunk.at\/fr\/\"},{\"@type\":\"ListItem\",\"position\":2,\"name\":\"Boutique\",\"item\":\"https:\/\/www.frunk.at\/fr\/boutique\/\"},{\"@type\":\"ListItem\",\"position\":3,\"name\":\"ELECTRIC-WAYS Support de prise, support mural type2\"}]},{\"@type\":\"WebSite\",\"@id\":\"https:\/\/www.frunk.at\/fr\/#website\",\"url\":\"https:\/\/www.frunk.at\/fr\/\",\"name\":\"frunk.at\",\"description\":\"make charging easy - E-Auto Zubeh\u00f6r E-Kabel Aufbewahrung\",\"publisher\":{\"@id\":\"https:\/\/www.frunk.at\/fr\/#organization\"},\"potentialAction\":[{\"@type\":\"SearchAction\",\"target\":{\"@type\":\"EntryPoint\",\"urlTemplate\":\"https:\/\/www.frunk.at\/fr\/?s={search_term_string}\"},\"query-input\":{\"@type\":\"PropertyValueSpecification\",\"valueRequired\":true,\"valueName\":\"search_term_string\"}}],\"inLanguage\":\"fr-FR\"},{\"@type\":\"Organization\",\"@id\":\"https:\/\/www.frunk.at\/fr\/#organization\",\"name\":\"Alexandra Breinlinger \/ frunk.at\",\"url\":\"https:\/\/www.frunk.at\/fr\/\",\"logo\":{\"@type\":\"ImageObject\",\"inLanguage\":\"fr-FR\",\"@id\":\"https:\/\/www.frunk.at\/fr\/#\/schema\/logo\/image\/\",\"url\":\"https:\/\/www.frunk.at\/wp-content\/uploads\/2023\/03\/frunk-logo.jpg\",\"contentUrl\":\"https:\/\/www.frunk.at\/wp-content\/uploads\/2023\/03\/frunk-logo.jpg\",\"width\":300,\"height\":300,\"caption\":\"Alexandra Breinlinger \/ frunk.at\"},\"image\":{\"@id\":\"https:\/\/www.frunk.at\/fr\/#\/schema\/logo\/image\/\"},\"sameAs\":[\"https:\/\/www.facebook.com\/frunk.at\/\",\"https:\/\/www.instagram.com\/frunk.at\/\"]}]}<\/script>\n<!-- \/ Yoast SEO plugin. -->","yoast_head_json":{"title":"ELECTRIC-WAYS Support de prise, support mural type2 - frunk.at","robots":{"index":"index","follow":"follow","max-snippet":"max-snippet:-1","max-image-preview":"max-image-preview:large","max-video-preview":"max-video-preview:-1"},"canonical":"https:\/\/www.frunk.at\/fr\/produkt\/electric-ways-support-de-prise-support-mural-type2\/","og_locale":"fr_FR","og_type":"article","og_title":"ELECTRIC-WAYS Support de prise, support mural type2 - frunk.at","og_description":"Support mural pour prise de charge de type 2 \u00e0 monter \u00e0 c\u00f4t\u00e9 de la Wallbox sur le mur du carport ou du garage !  Fixation rapide et facile \u00e0 l'aide de quatre vis  Convient aux c\u00e2bles\/fiches de charge de type 2 en version 16 ou 32A, monophas\u00e9e ou triphas\u00e9e.","og_url":"https:\/\/www.frunk.at\/fr\/produkt\/electric-ways-support-de-prise-support-mural-type2\/","og_site_name":"frunk.at","article_publisher":"https:\/\/www.facebook.com\/frunk.at\/","article_modified_time":"2026-02-11T10:28:43+00:00","og_image":[{"width":700,"height":466,"url":"https:\/\/www.frunk.at\/wp-content\/uploads\/2021\/11\/ELECTRIC-WAYS_Typ2-Wandhalterung_socket_kompr.jpg","type":"image\/jpeg"}],"twitter_card":"summary_large_image","twitter_misc":{"Dur\u00e9e de lecture estim\u00e9e":"2 minutes"},"schema":{"@context":"https:\/\/schema.org","@graph":[{"@type":"WebPage","@id":"https:\/\/www.frunk.at\/fr\/produkt\/electric-ways-support-de-prise-support-mural-type2\/","url":"https:\/\/www.frunk.at\/fr\/produkt\/electric-ways-support-de-prise-support-mural-type2\/","name":"ELECTRIC-WAYS Support de prise, support mural type2 - frunk.at","isPartOf":{"@id":"https:\/\/www.frunk.at\/fr\/#website"},"primaryImageOfPage":{"@id":"https:\/\/www.frunk.at\/fr\/produkt\/electric-ways-support-de-prise-support-mural-type2\/#primaryimage"},"image":{"@id":"https:\/\/www.frunk.at\/fr\/produkt\/electric-ways-support-de-prise-support-mural-type2\/#primaryimage"},"thumbnailUrl":"https:\/\/www.frunk.at\/wp-content\/uploads\/2021\/11\/ELECTRIC-WAYS_Typ2-Wandhalterung_socket_kompr.jpg","datePublished":"2021-11-07T10:36:11+00:00","dateModified":"2026-02-11T10:28:43+00:00","breadcrumb":{"@id":"https:\/\/www.frunk.at\/fr\/produkt\/electric-ways-support-de-prise-support-mural-type2\/#breadcrumb"},"inLanguage":"fr-FR","potentialAction":[{"@type":"ReadAction","target":["https:\/\/www.frunk.at\/fr\/produkt\/electric-ways-support-de-prise-support-mural-type2\/"]}]},{"@type":"ImageObject","inLanguage":"fr-FR","@id":"https:\/\/www.frunk.at\/fr\/produkt\/electric-ways-support-de-prise-support-mural-type2\/#primaryimage","url":"https:\/\/www.frunk.at\/wp-content\/uploads\/2021\/11\/ELECTRIC-WAYS_Typ2-Wandhalterung_socket_kompr.jpg","contentUrl":"https:\/\/www.frunk.at\/wp-content\/uploads\/2021\/11\/ELECTRIC-WAYS_Typ2-Wandhalterung_socket_kompr.jpg","width":700,"height":466},{"@type":"BreadcrumbList","@id":"https:\/\/www.frunk.at\/fr\/produkt\/electric-ways-support-de-prise-support-mural-type2\/#breadcrumb","itemListElement":[{"@type":"ListItem","position":1,"name":"Startseite","item":"https:\/\/www.frunk.at\/fr\/"},{"@type":"ListItem","position":2,"name":"Boutique","item":"https:\/\/www.frunk.at\/fr\/boutique\/"},{"@type":"ListItem","position":3,"name":"ELECTRIC-WAYS Support de prise, support mural type2"}]},{"@type":"WebSite","@id":"https:\/\/www.frunk.at\/fr\/#website","url":"https:\/\/www.frunk.at\/fr\/","name":"frunk.at","description":"make charging easy - E-Auto Zubeh\u00f6r E-Kabel Aufbewahrung","publisher":{"@id":"https:\/\/www.frunk.at\/fr\/#organization"},"potentialAction":[{"@type":"SearchAction","target":{"@type":"EntryPoint","urlTemplate":"https:\/\/www.frunk.at\/fr\/?s={search_term_string}"},"query-input":{"@type":"PropertyValueSpecification","valueRequired":true,"valueName":"search_term_string"}}],"inLanguage":"fr-FR"},{"@type":"Organization","@id":"https:\/\/www.frunk.at\/fr\/#organization","name":"Alexandra Breinlinger \/ frunk.at","url":"https:\/\/www.frunk.at\/fr\/","logo":{"@type":"ImageObject","inLanguage":"fr-FR","@id":"https:\/\/www.frunk.at\/fr\/#\/schema\/logo\/image\/","url":"https:\/\/www.frunk.at\/wp-content\/uploads\/2023\/03\/frunk-logo.jpg","contentUrl":"https:\/\/www.frunk.at\/wp-content\/uploads\/2023\/03\/frunk-logo.jpg","width":300,"height":300,"caption":"Alexandra Breinlinger \/ frunk.at"},"image":{"@id":"https:\/\/www.frunk.at\/fr\/#\/schema\/logo\/image\/"},"sameAs":["https:\/\/www.facebook.com\/frunk.at\/","https:\/\/www.instagram.com\/frunk.at\/"]}]}},"_links":{"self":[{"href":"https:\/\/www.frunk.at\/fr\/wp-json\/wp\/v2\/product\/266406","targetHints":{"allow":["GET"]}}],"collection":[{"href":"https:\/\/www.frunk.at\/fr\/wp-json\/wp\/v2\/product"}],"about":[{"href":"https:\/\/www.frunk.at\/fr\/wp-json\/wp\/v2\/types\/product"}],"replies":[{"embeddable":true,"href":"https:\/\/www.frunk.at\/fr\/wp-json\/wp\/v2\/comments?post=266406"}],"wp:featuredmedia":[{"embeddable":true,"href":"https:\/\/www.frunk.at\/fr\/wp-json\/wp\/v2\/media\/266407"}],"wp:attachment":[{"href":"https:\/\/www.frunk.at\/fr\/wp-json\/wp\/v2\/media?parent=266406"}],"wp:term":[{"taxonomy":"product_brand","embeddable":true,"href":"https:\/\/www.frunk.at\/fr\/wp-json\/wp\/v2\/product_brand?post=266406"},{"taxonomy":"product_cat","embeddable":true,"href":"https:\/\/www.frunk.at\/fr\/wp-json\/wp\/v2\/product_cat?post=266406"},{"taxonomy":"product_tag","embeddable":true,"href":"https:\/\/www.frunk.at\/fr\/wp-json\/wp\/v2\/product_tag?post=266406"}],"curies":[{"name":"wp","href":"https:\/\/api.w.org\/{rel}","templated":true}]}}