{"id":266540,"date":"2021-02-14T19:55:43","date_gmt":"2021-02-14T18:55:43","guid":{"rendered":"https:\/\/www.frunk.at\/produkt\/marteau-durgence-avec-led\/"},"modified":"2025-12-18T17:02:20","modified_gmt":"2025-12-18T16:02:20","slug":"marteau-durgence-avec-led","status":"publish","type":"product","link":"https:\/\/www.frunk.at\/fr\/produkt\/marteau-durgence-avec-led\/","title":{"rendered":"Marteau d&rsquo;urgence avec LED"},"content":{"rendered":"<p>[et_pb_section fb_built=\u00a0\u00bb1&Prime; _builder_version=\u00a0\u00bb4.16&Prime; custom_padding=\u00a0\u00bb0px||||false|false\u00a0\u00bb da_disable_devices=\u00a0\u00bboff|off|off\u00a0\u00bb global_colors_info=\u00a0\u00bb{}\u00a0\u00bb da_is_popup=\u00a0\u00bboff\u00a0\u00bb da_exit_intent=\u00a0\u00bboff\u00a0\u00bb da_has_close=\u00a0\u00bbon\u00a0\u00bb da_alt_close=\u00a0\u00bboff\u00a0\u00bb da_dark_close=\u00a0\u00bboff\u00a0\u00bb da_not_modal=\u00a0\u00bbon\u00a0\u00bb da_is_singular=\u00a0\u00bboff\u00a0\u00bb da_with_loader=\u00a0\u00bboff\u00a0\u00bb da_has_shadow=\u00a0\u00bbon\u00a0\u00bb][et_pb_row _builder_version=\u00a0\u00bb4.16&Prime; background_size=\u00a0\u00bbinitial\u00a0\u00bb background_position=\u00a0\u00bbtop_left\u00a0\u00bb background_repeat=\u00a0\u00bbrepeat\u00a0\u00bb width=\u00a0\u00bb100%\u00a0\u00bb custom_padding=\u00a0\u00bb0px||0px||false|false\u00a0\u00bb global_colors_info=\u00a0\u00bb{}\u00a0\u00bb][et_pb_column type=\u00a0\u00bb4_4&Prime; _builder_version=\u00a0\u00bb4.16&Prime; custom_padding=\u00a0\u00bb|||\u00a0\u00bb global_colors_info=\u00a0\u00bb{}\u00a0\u00bb custom_padding__hover=\u00a0\u00bb|||\u00a0\u00bb][et_pb_wc_cart_notice _builder_version=\u00a0\u00bb4.16&Prime; title_font=\u00a0\u00bb||||||||\u00a0\u00bb transform_translate_linked=\u00a0\u00bboff\u00a0\u00bb custom_padding=\u00a0\u00bb13px|15px|13px|15px|false|false\u00a0\u00bb body_font=\u00a0\u00bb||||||||\u00a0\u00bb global_colors_info=\u00a0\u00bb{}\u00a0\u00bb][\/et_pb_wc_cart_notice][\/et_pb_column][\/et_pb_row][et_pb_row column_structure=\u00a0\u00bb1_2,1_2&Prime; _builder_version=\u00a0\u00bb4.16&Prime; background_size=\u00a0\u00bbinitial\u00a0\u00bb background_position=\u00a0\u00bbtop_left\u00a0\u00bb background_repeat=\u00a0\u00bbrepeat\u00a0\u00bb width=\u00a0\u00bb100%\u00a0\u00bb custom_padding=\u00a0\u00bb0px||||false|false\u00a0\u00bb global_colors_info=\u00a0\u00bb{}\u00a0\u00bb][et_pb_column type=\u00a0\u00bb1_2&Prime; _builder_version=\u00a0\u00bb4.16&Prime; custom_padding=\u00a0\u00bb|||\u00a0\u00bb global_colors_info=\u00a0\u00bb{}\u00a0\u00bb custom_padding__hover=\u00a0\u00bb|||\u00a0\u00bb][et_pb_wc_images _builder_version=\u00a0\u00bb4.16&Prime; global_colors_info=\u00a0\u00bb{}\u00a0\u00bb][\/et_pb_wc_images][\/et_pb_column][et_pb_column type=\u00a0\u00bb1_2&Prime; _builder_version=\u00a0\u00bb4.16&Prime; custom_padding=\u00a0\u00bb|||\u00a0\u00bb global_colors_info=\u00a0\u00bb{}\u00a0\u00bb custom_padding__hover=\u00a0\u00bb|||\u00a0\u00bb][et_pb_wc_title _builder_version=\u00a0\u00bb4.16&Prime; global_colors_info=\u00a0\u00bb{}\u00a0\u00bb][\/et_pb_wc_title][et_pb_wc_rating _builder_version=\u00a0\u00bb4.16&Prime; global_colors_info=\u00a0\u00bb{}\u00a0\u00bb][\/et_pb_wc_rating][et_pb_wc_price _builder_version=\u00a0\u00bb4.16&Prime; global_colors_info=\u00a0\u00bb{}\u00a0\u00bb][\/et_pb_wc_price][et_pb_text _builder_version=\u00a0\u00bb4.16&Prime; _module_preset=\u00a0\u00bbdefault\u00a0\u00bb text_font=\u00a0\u00bbMontserrat|300|||||||\u00a0\u00bb text_line_height=\u00a0\u00bb1.2em\u00a0\u00bb width=\u00a0\u00bb79%\u00a0\u00bb global_colors_info=\u00a0\u00bb{}\u00a0\u00bb]<\/p>\n<p>Des droits de douane, des taxes et des frais suppl\u00e9mentaires peuvent s&rsquo;appliquer aux livraisons vers des pays non membres de l&rsquo;UE.<\/p>\n<p>[\/et_pb_text][et_pb_wc_description _builder_version=\u00a0\u00bb4.16&Prime; body_text_color=\u00a0\u00bb#70716b\u00a0\u00bb width=\u00a0\u00bb90%\u00a0\u00bb width_tablet=\u00a0\u00bb90%\u00a0\u00bb width_phone=\u00a0\u00bb100%\u00a0\u00bb width_last_edited=\u00a0\u00bbon|phone\u00a0\u00bb global_colors_info=\u00a0\u00bb{}\u00a0\u00bb][\/et_pb_wc_description][et_pb_wc_add_to_cart _builder_version=\u00a0\u00bb4.16&Prime; custom_button=\u00a0\u00bbon\u00a0\u00bb button_text_color=\u00a0\u00bb#ffffff\u00a0\u00bb button_bg_color=\u00a0\u00bb#fc6803&Prime; global_colors_info=\u00a0\u00bb{}\u00a0\u00bb][\/et_pb_wc_add_to_cart][et_pb_wc_meta _builder_version=\u00a0\u00bb4.16&Prime; global_colors_info=\u00a0\u00bb{}\u00a0\u00bb][\/et_pb_wc_meta][\/et_pb_column][\/et_pb_row][et_pb_row _builder_version=\u00a0\u00bb4.16&Prime; background_size=\u00a0\u00bbinitial\u00a0\u00bb background_position=\u00a0\u00bbtop_left\u00a0\u00bb background_repeat=\u00a0\u00bbrepeat\u00a0\u00bb width=\u00a0\u00bb100%\u00a0\u00bb global_colors_info=\u00a0\u00bb{}\u00a0\u00bb][et_pb_column type=\u00a0\u00bb4_4&Prime; _builder_version=\u00a0\u00bb4.16&Prime; custom_padding=\u00a0\u00bb|||\u00a0\u00bb global_colors_info=\u00a0\u00bb{}\u00a0\u00bb custom_padding__hover=\u00a0\u00bb|||\u00a0\u00bb][et_pb_wc_tabs _builder_version=\u00a0\u00bb4.16&Prime; global_colors_info=\u00a0\u00bb{}\u00a0\u00bb] [\/et_pb_wc_tabs][et_pb_wc_related_products posts_number=\u00a0\u00bb10&Prime; columns_number=\u00a0\u00bb5&Prime; orderby=\u00a0\u00bbmenu_order\u00a0\u00bb include_categories=\u00a0\u00bbcurrent\u00a0\u00bb _builder_version=\u00a0\u00bb4.20.4&Prime; product_title_font_size=\u00a0\u00bb1em\u00a0\u00bb price_text_color=\u00a0\u00bb#3E3E3E\u00a0\u00bb sale_price_text_color=\u00a0\u00bbRGBA(255,255,255,0)\u00a0\u00bb global_module=\u00a0\u00bb246340&Prime; global_colors_info=\u00a0\u00bb{}\u00a0\u00bb][\/et_pb_wc_related_products][et_pb_wc_upsells posts_number=\u00a0\u00bb5&Prime; columns_number=\u00a0\u00bb5&Prime; _builder_version=\u00a0\u00bb4.17.3&Prime; price_text_color=\u00a0\u00bb#3E3E3E\u00a0\u00bb sale_price_text_color=\u00a0\u00bbRGBA(255,255,255,0)\u00a0\u00bb border_color_all_sale_badge=\u00a0\u00bbRGBA(255,255,255,0)\u00a0\u00bb global_module=\u00a0\u00bb246342&Prime; global_colors_info=\u00a0\u00bb{}\u00a0\u00bb][\/et_pb_wc_upsells][et_pb_wc_upsells _builder_version=\u00a0\u00bb4.16&Prime; global_colors_info=\u00a0\u00bb{}\u00a0\u00bb][\/et_pb_wc_upsells][\/et_pb_column][\/et_pb_row][\/et_pb_section]<\/p>\n","protected":false},"excerpt":{"rendered":"<p>frunk Marteau multifonctions :<\/p>\n<p>Avec lumi\u00e8re LED blanche,<\/p>\n<p>Interrupteur marche\/arr\u00eat sur la poign\u00e9e,<\/p>\n<p>Coupe-ceinture int\u00e9gr\u00e9<\/p>\n<p>Couvercle caoutchout\u00e9 inclus pour la pointe du marteau.<\/p>\n","protected":false},"featured_media":269797,"comment_status":"open","ping_status":"closed","template":"","meta":{"_et_pb_use_builder":"on","_et_pb_old_content":"frunk Marteau multifonctions :\n\nAvec une lumi\u00e8re LED blanche,\n\nInterrupteur marche\/arr\u00eat sur la poign\u00e9e,\n\ncoupe-ceinture int\u00e9gr\u00e9,\n\ny compris un couvercle caoutchout\u00e9 pour la pointe du marteau.\n<table class=\"productdetails\">\n<tbody>\n<tr>\n<th>Poids de l'article<\/th>\n<td>160 g<\/td>\n<\/tr>\n<tr>\n<th>Taille de l'article<\/th>\n<td>13,5 x 7,5 x 2 cm<\/td>\n<\/tr>\n<\/tbody>\n<\/table>\n\u00a0\n\n\u00a0","_et_gb_content_width":""},"product_brand":[],"product_cat":[243,278],"product_tag":[],"class_list":{"0":"post-266540","1":"product","2":"type-product","3":"status-publish","4":"has-post-thumbnail","6":"product_cat-accessoires","7":"product_cat-accessoires-tesla","9":"first","10":"instock","11":"taxable","12":"shipping-taxable","13":"purchasable","14":"product-type-simple"},"yoast_head":"<!-- This site is optimized with the Yoast SEO plugin v26.6 - https:\/\/yoast.com\/wordpress\/plugins\/seo\/ -->\n<title>Marteau d&#039;urgence avec LED - Sac Small pour le frunk apporte plus d&#039;espace.<\/title>\n<meta name=\"robots\" content=\"index, follow, max-snippet:-1, max-image-preview:large, max-video-preview:-1\" \/>\n<link rel=\"canonical\" href=\"https:\/\/www.frunk.at\/fr\/produkt\/marteau-durgence-avec-led\/\" \/>\n<meta property=\"og:locale\" content=\"fr_FR\" \/>\n<meta property=\"og:type\" content=\"article\" \/>\n<meta property=\"og:title\" content=\"Marteau d&#039;urgence avec LED - Sac Small pour le frunk apporte plus d&#039;espace.\" \/>\n<meta property=\"og:description\" content=\"frunk Marteau multifonctions : Avec lumi\u00e8re LED blanche, Interrupteur marche\/arr\u00eat sur la poign\u00e9e, Coupe-ceinture int\u00e9gr\u00e9 Couvercle caoutchout\u00e9 inclus pour la pointe du marteau.\" \/>\n<meta property=\"og:url\" content=\"https:\/\/www.frunk.at\/fr\/produkt\/marteau-durgence-avec-led\/\" \/>\n<meta property=\"og:site_name\" content=\"frunk.at\" \/>\n<meta property=\"article:publisher\" content=\"https:\/\/www.facebook.com\/frunk.at\/\" \/>\n<meta property=\"article:modified_time\" content=\"2025-12-18T16:02:20+00:00\" \/>\n<meta property=\"og:image\" content=\"https:\/\/www.frunk.at\/wp-content\/uploads\/2021\/02\/Bearbeitet-3.jpg\" \/>\n\t<meta property=\"og:image:width\" content=\"2308\" \/>\n\t<meta property=\"og:image:height\" content=\"2308\" \/>\n\t<meta property=\"og:image:type\" content=\"image\/jpeg\" \/>\n<meta name=\"twitter:card\" content=\"summary_large_image\" \/>\n<meta name=\"twitter:label1\" content=\"Dur\u00e9e de lecture estim\u00e9e\" \/>\n\t<meta name=\"twitter:data1\" content=\"3 minutes\" \/>\n<script type=\"application\/ld+json\" class=\"yoast-schema-graph\">{\"@context\":\"https:\/\/schema.org\",\"@graph\":[{\"@type\":\"WebPage\",\"@id\":\"https:\/\/www.frunk.at\/fr\/produkt\/marteau-durgence-avec-led\/\",\"url\":\"https:\/\/www.frunk.at\/fr\/produkt\/marteau-durgence-avec-led\/\",\"name\":\"Marteau d'urgence avec LED - Sac Small pour le frunk apporte plus d'espace.\",\"isPartOf\":{\"@id\":\"https:\/\/www.frunk.at\/fr\/#website\"},\"primaryImageOfPage\":{\"@id\":\"https:\/\/www.frunk.at\/fr\/produkt\/marteau-durgence-avec-led\/#primaryimage\"},\"image\":{\"@id\":\"https:\/\/www.frunk.at\/fr\/produkt\/marteau-durgence-avec-led\/#primaryimage\"},\"thumbnailUrl\":\"https:\/\/www.frunk.at\/wp-content\/uploads\/2021\/02\/Bearbeitet-3.jpg\",\"datePublished\":\"2021-02-14T18:55:43+00:00\",\"dateModified\":\"2025-12-18T16:02:20+00:00\",\"breadcrumb\":{\"@id\":\"https:\/\/www.frunk.at\/fr\/produkt\/marteau-durgence-avec-led\/#breadcrumb\"},\"inLanguage\":\"fr-FR\",\"potentialAction\":[{\"@type\":\"ReadAction\",\"target\":[\"https:\/\/www.frunk.at\/fr\/produkt\/marteau-durgence-avec-led\/\"]}]},{\"@type\":\"ImageObject\",\"inLanguage\":\"fr-FR\",\"@id\":\"https:\/\/www.frunk.at\/fr\/produkt\/marteau-durgence-avec-led\/#primaryimage\",\"url\":\"https:\/\/www.frunk.at\/wp-content\/uploads\/2021\/02\/Bearbeitet-3.jpg\",\"contentUrl\":\"https:\/\/www.frunk.at\/wp-content\/uploads\/2021\/02\/Bearbeitet-3.jpg\",\"width\":2308,\"height\":2308},{\"@type\":\"BreadcrumbList\",\"@id\":\"https:\/\/www.frunk.at\/fr\/produkt\/marteau-durgence-avec-led\/#breadcrumb\",\"itemListElement\":[{\"@type\":\"ListItem\",\"position\":1,\"name\":\"Startseite\",\"item\":\"https:\/\/www.frunk.at\/fr\/\"},{\"@type\":\"ListItem\",\"position\":2,\"name\":\"Boutique\",\"item\":\"https:\/\/www.frunk.at\/fr\/boutique\/\"},{\"@type\":\"ListItem\",\"position\":3,\"name\":\"Marteau d&#8217;urgence avec LED\"}]},{\"@type\":\"WebSite\",\"@id\":\"https:\/\/www.frunk.at\/fr\/#website\",\"url\":\"https:\/\/www.frunk.at\/fr\/\",\"name\":\"frunk.at\",\"description\":\"make charging easy - E-Auto Zubeh\u00f6r E-Kabel Aufbewahrung\",\"publisher\":{\"@id\":\"https:\/\/www.frunk.at\/fr\/#organization\"},\"potentialAction\":[{\"@type\":\"SearchAction\",\"target\":{\"@type\":\"EntryPoint\",\"urlTemplate\":\"https:\/\/www.frunk.at\/fr\/?s={search_term_string}\"},\"query-input\":{\"@type\":\"PropertyValueSpecification\",\"valueRequired\":true,\"valueName\":\"search_term_string\"}}],\"inLanguage\":\"fr-FR\"},{\"@type\":\"Organization\",\"@id\":\"https:\/\/www.frunk.at\/fr\/#organization\",\"name\":\"Alexandra Breinlinger \/ frunk.at\",\"url\":\"https:\/\/www.frunk.at\/fr\/\",\"logo\":{\"@type\":\"ImageObject\",\"inLanguage\":\"fr-FR\",\"@id\":\"https:\/\/www.frunk.at\/fr\/#\/schema\/logo\/image\/\",\"url\":\"https:\/\/www.frunk.at\/wp-content\/uploads\/2023\/03\/frunk-logo.jpg\",\"contentUrl\":\"https:\/\/www.frunk.at\/wp-content\/uploads\/2023\/03\/frunk-logo.jpg\",\"width\":300,\"height\":300,\"caption\":\"Alexandra Breinlinger \/ frunk.at\"},\"image\":{\"@id\":\"https:\/\/www.frunk.at\/fr\/#\/schema\/logo\/image\/\"},\"sameAs\":[\"https:\/\/www.facebook.com\/frunk.at\/\",\"https:\/\/www.instagram.com\/frunk.at\/\"]}]}<\/script>\n<!-- \/ Yoast SEO plugin. -->","yoast_head_json":{"title":"Marteau d'urgence avec LED - Sac Small pour le frunk apporte plus d'espace.","robots":{"index":"index","follow":"follow","max-snippet":"max-snippet:-1","max-image-preview":"max-image-preview:large","max-video-preview":"max-video-preview:-1"},"canonical":"https:\/\/www.frunk.at\/fr\/produkt\/marteau-durgence-avec-led\/","og_locale":"fr_FR","og_type":"article","og_title":"Marteau d'urgence avec LED - Sac Small pour le frunk apporte plus d'espace.","og_description":"frunk Marteau multifonctions : Avec lumi\u00e8re LED blanche, Interrupteur marche\/arr\u00eat sur la poign\u00e9e, Coupe-ceinture int\u00e9gr\u00e9 Couvercle caoutchout\u00e9 inclus pour la pointe du marteau.","og_url":"https:\/\/www.frunk.at\/fr\/produkt\/marteau-durgence-avec-led\/","og_site_name":"frunk.at","article_publisher":"https:\/\/www.facebook.com\/frunk.at\/","article_modified_time":"2025-12-18T16:02:20+00:00","og_image":[{"width":2308,"height":2308,"url":"https:\/\/www.frunk.at\/wp-content\/uploads\/2021\/02\/Bearbeitet-3.jpg","type":"image\/jpeg"}],"twitter_card":"summary_large_image","twitter_misc":{"Dur\u00e9e de lecture estim\u00e9e":"3 minutes"},"schema":{"@context":"https:\/\/schema.org","@graph":[{"@type":"WebPage","@id":"https:\/\/www.frunk.at\/fr\/produkt\/marteau-durgence-avec-led\/","url":"https:\/\/www.frunk.at\/fr\/produkt\/marteau-durgence-avec-led\/","name":"Marteau d'urgence avec LED - Sac Small pour le frunk apporte plus d'espace.","isPartOf":{"@id":"https:\/\/www.frunk.at\/fr\/#website"},"primaryImageOfPage":{"@id":"https:\/\/www.frunk.at\/fr\/produkt\/marteau-durgence-avec-led\/#primaryimage"},"image":{"@id":"https:\/\/www.frunk.at\/fr\/produkt\/marteau-durgence-avec-led\/#primaryimage"},"thumbnailUrl":"https:\/\/www.frunk.at\/wp-content\/uploads\/2021\/02\/Bearbeitet-3.jpg","datePublished":"2021-02-14T18:55:43+00:00","dateModified":"2025-12-18T16:02:20+00:00","breadcrumb":{"@id":"https:\/\/www.frunk.at\/fr\/produkt\/marteau-durgence-avec-led\/#breadcrumb"},"inLanguage":"fr-FR","potentialAction":[{"@type":"ReadAction","target":["https:\/\/www.frunk.at\/fr\/produkt\/marteau-durgence-avec-led\/"]}]},{"@type":"ImageObject","inLanguage":"fr-FR","@id":"https:\/\/www.frunk.at\/fr\/produkt\/marteau-durgence-avec-led\/#primaryimage","url":"https:\/\/www.frunk.at\/wp-content\/uploads\/2021\/02\/Bearbeitet-3.jpg","contentUrl":"https:\/\/www.frunk.at\/wp-content\/uploads\/2021\/02\/Bearbeitet-3.jpg","width":2308,"height":2308},{"@type":"BreadcrumbList","@id":"https:\/\/www.frunk.at\/fr\/produkt\/marteau-durgence-avec-led\/#breadcrumb","itemListElement":[{"@type":"ListItem","position":1,"name":"Startseite","item":"https:\/\/www.frunk.at\/fr\/"},{"@type":"ListItem","position":2,"name":"Boutique","item":"https:\/\/www.frunk.at\/fr\/boutique\/"},{"@type":"ListItem","position":3,"name":"Marteau d&#8217;urgence avec LED"}]},{"@type":"WebSite","@id":"https:\/\/www.frunk.at\/fr\/#website","url":"https:\/\/www.frunk.at\/fr\/","name":"frunk.at","description":"make charging easy - E-Auto Zubeh\u00f6r E-Kabel Aufbewahrung","publisher":{"@id":"https:\/\/www.frunk.at\/fr\/#organization"},"potentialAction":[{"@type":"SearchAction","target":{"@type":"EntryPoint","urlTemplate":"https:\/\/www.frunk.at\/fr\/?s={search_term_string}"},"query-input":{"@type":"PropertyValueSpecification","valueRequired":true,"valueName":"search_term_string"}}],"inLanguage":"fr-FR"},{"@type":"Organization","@id":"https:\/\/www.frunk.at\/fr\/#organization","name":"Alexandra Breinlinger \/ frunk.at","url":"https:\/\/www.frunk.at\/fr\/","logo":{"@type":"ImageObject","inLanguage":"fr-FR","@id":"https:\/\/www.frunk.at\/fr\/#\/schema\/logo\/image\/","url":"https:\/\/www.frunk.at\/wp-content\/uploads\/2023\/03\/frunk-logo.jpg","contentUrl":"https:\/\/www.frunk.at\/wp-content\/uploads\/2023\/03\/frunk-logo.jpg","width":300,"height":300,"caption":"Alexandra Breinlinger \/ frunk.at"},"image":{"@id":"https:\/\/www.frunk.at\/fr\/#\/schema\/logo\/image\/"},"sameAs":["https:\/\/www.facebook.com\/frunk.at\/","https:\/\/www.instagram.com\/frunk.at\/"]}]}},"_links":{"self":[{"href":"https:\/\/www.frunk.at\/fr\/wp-json\/wp\/v2\/product\/266540","targetHints":{"allow":["GET"]}}],"collection":[{"href":"https:\/\/www.frunk.at\/fr\/wp-json\/wp\/v2\/product"}],"about":[{"href":"https:\/\/www.frunk.at\/fr\/wp-json\/wp\/v2\/types\/product"}],"replies":[{"embeddable":true,"href":"https:\/\/www.frunk.at\/fr\/wp-json\/wp\/v2\/comments?post=266540"}],"wp:featuredmedia":[{"embeddable":true,"href":"https:\/\/www.frunk.at\/fr\/wp-json\/wp\/v2\/media\/269797"}],"wp:attachment":[{"href":"https:\/\/www.frunk.at\/fr\/wp-json\/wp\/v2\/media?parent=266540"}],"wp:term":[{"taxonomy":"product_brand","embeddable":true,"href":"https:\/\/www.frunk.at\/fr\/wp-json\/wp\/v2\/product_brand?post=266540"},{"taxonomy":"product_cat","embeddable":true,"href":"https:\/\/www.frunk.at\/fr\/wp-json\/wp\/v2\/product_cat?post=266540"},{"taxonomy":"product_tag","embeddable":true,"href":"https:\/\/www.frunk.at\/fr\/wp-json\/wp\/v2\/product_tag?post=266540"}],"curies":[{"name":"wp","href":"https:\/\/api.w.org\/{rel}","templated":true}]}}